{"id":17018,"date":"2025-07-17T20:54:59","date_gmt":"2025-07-18T00:54:59","guid":{"rendered":"https:\/\/dev.melki.biz\/?page_id=17018"},"modified":"2025-09-10T04:27:26","modified_gmt":"2025-09-10T08:27:26","slug":"inversion-en-fletamento","status":"publish","type":"page","link":"https:\/\/www.caribbean-multihulls.com\/es\/inversion-en-fletamento\/","title":{"rendered":"Inversi\u00f3n en alquiler de yates en el Caribe: compre y gane dinero"},"content":{"rendered":"<h2 class=\"wp-block-heading\">\u00bfCu\u00e1l es el rendimiento de la inversi\u00f3n con un yate de alquiler?<\/h2>\n\n\n\n<p>Algunos dir\u00e1n que no habr\u00e1 retorno de la inversi\u00f3n, otros dir\u00e1n que se gana bien... Usted tiene raz\u00f3n en ser cauteloso. Entonces, \u00bfcu\u00e1l es el truco?<\/p>\n\n\n\n<p>Hay que saber algunas cosas antes de lanzarse a la aventura, para asegurarse de que no te salga cara, de que al menos consigas cubrir los gastos... \u00a1y con suerte ganar algo de dinero extra!<\/p>\n\n\n\n<p>Ah\u00ed es donde entra en juego nuestra experiencia en ch\u00e1rter en el Caribe. Al revisar todo esto juntos, <strong>Le proporcionaremos una estimaci\u00f3n del retorno de la inversi\u00f3n para su yate de alquiler.<\/strong> <\/p>\n\n\n\n<p>Por supuesto, hemos modelado el ROI en yates de alquiler, pero no hay que olvidar <strong>Es importante que sea preciso con tus planes privados.<\/strong><\/p>\n\n\n\n<div style=\"height:50px\" aria-hidden=\"true\" class=\"wp-block-spacer\"><\/div>\n\n\n\n<h2 class=\"wp-block-heading\">\u00bfCu\u00e1ndo es la temporada de alquiler de yates en el Caribe?<\/h2>\n\n\n\n<p>Por supuesto, no hay fechas fijas en el calendario para la temporada de alquiler de barcos en el Caribe. Digamos que va <strong>aproximadamente desde principios de noviembre hasta junio.<\/strong><\/p>\n\n\n\n<p>Si desea sacar su embarcaci\u00f3n del agua y almacenarla en tierra fuera de temporada, aseg\u00farese de reservar un astillero con antelaci\u00f3n, ya que estar\u00e1n muy ocupados y es posible que muchos est\u00e9n completos.<\/p>\n\n\n\n<h3 class=\"wp-block-heading\">\u00bfC\u00f3mo se pueden maximizar los ingresos por fletamento entre el Mediterr\u00e1neo y el Caribe?<\/h3>\n\n\n\n<p>Al ser propietario de un yate de alquiler, tambi\u00e9n puede<strong> Maximice sus ingresos aprovechando tanto la temporada mediterr\u00e1nea como la caribe\u00f1a.<\/strong>. Es fundamental planificar cuidadosamente el calendario y las traves\u00edas del Atl\u00e1ntico para garantizar la optimizaci\u00f3n de los ingresos por alquiler. <\/p>\n\n\n\n<p>En Caribbean Multihulls, contamos con una amplia experiencia en estos asuntos y trabajamos en estrecha colaboraci\u00f3n con operadores que se benefician con \u00e9xito de ambas temporadas. Por lo tanto, nuestra experiencia puede ser un gran activo para ayudarle. <strong>Haga que su catamar\u00e1n Fountaine Pajot sea lo m\u00e1s rentable posible en el alquiler.<\/strong><\/p>\n\n\n\n<div style=\"height:50px\" aria-hidden=\"true\" class=\"wp-block-spacer\"><\/div>\n\n\n\n<h2 class=\"wp-block-heading\">\u00bfCu\u00e1nto puedes usar tu propio yate de alquiler?<\/h2>\n\n\n\n<p>Aseg\u00farese de acordar este punto con la empresa de gesti\u00f3n o reserva de ch\u00e1rteres desde el principio.<\/p>\n\n\n\n<p>Por lo general, puedes usar tu barco y <strong>Establecer fechas antes de que el calendario se haga p\u00fablico y se comparta con los corredores de fletamento.<\/strong>. <\/p>\n\n\n\n<p>Sin embargo, es l\u00f3gico que pienses en maximizar tus ganancias potenciales teniendo el<strong> barco disponible para alquilar en los momentos de mayor actividad<\/strong>.<\/p>\n\n\n\n<div class=\"wp-block-columns is-layout-flex wp-container-core-columns-is-layout-28f84493 wp-block-columns-is-layout-flex\">\n<div class=\"wp-block-column is-layout-flow wp-block-column-is-layout-flow\">\n<figure class=\"wp-block-image size-large\"><img fetchpriority=\"high\" decoding=\"async\" width=\"1024\" height=\"683\" src=\"https:\/\/www.caribbean-multihulls.com\/wp-content\/uploads\/2025\/08\/caribbean-yacht-charter-investment-fountaine-pajot-catamaran-flagship-1024x683.jpg\" alt=\"\" class=\"wp-image-17801\" srcset=\"https:\/\/www.caribbean-multihulls.com\/wp-content\/uploads\/2025\/08\/caribbean-yacht-charter-investment-fountaine-pajot-catamaran-flagship-1024x683.jpg 1024w, https:\/\/www.caribbean-multihulls.com\/wp-content\/uploads\/2025\/08\/caribbean-yacht-charter-investment-fountaine-pajot-catamaran-flagship-300x200.jpg 300w, https:\/\/www.caribbean-multihulls.com\/wp-content\/uploads\/2025\/08\/caribbean-yacht-charter-investment-fountaine-pajot-catamaran-flagship-768x512.jpg 768w, https:\/\/www.caribbean-multihulls.com\/wp-content\/uploads\/2025\/08\/caribbean-yacht-charter-investment-fountaine-pajot-catamaran-flagship-1536x1024.jpg 1536w, https:\/\/www.caribbean-multihulls.com\/wp-content\/uploads\/2025\/08\/caribbean-yacht-charter-investment-fountaine-pajot-catamaran-flagship.jpg 1600w\" sizes=\"(max-width: 1024px) 100vw, 1024px\" \/><\/figure>\n<\/div>\n\n\n\n<div class=\"wp-block-column is-layout-flow wp-block-column-is-layout-flow\">\n<figure class=\"wp-block-image size-large\"><img decoding=\"async\" width=\"1024\" height=\"683\" src=\"https:\/\/www.caribbean-multihulls.com\/wp-content\/uploads\/2025\/08\/caribbean-yacht-charter-investment-fountaine-pajot-catamaran-flybridge-1024x683.jpg\" alt=\"\" class=\"wp-image-17802\" srcset=\"https:\/\/www.caribbean-multihulls.com\/wp-content\/uploads\/2025\/08\/caribbean-yacht-charter-investment-fountaine-pajot-catamaran-flybridge-1024x683.jpg 1024w, https:\/\/www.caribbean-multihulls.com\/wp-content\/uploads\/2025\/08\/caribbean-yacht-charter-investment-fountaine-pajot-catamaran-flybridge-300x200.jpg 300w, https:\/\/www.caribbean-multihulls.com\/wp-content\/uploads\/2025\/08\/caribbean-yacht-charter-investment-fountaine-pajot-catamaran-flybridge-768x512.jpg 768w, https:\/\/www.caribbean-multihulls.com\/wp-content\/uploads\/2025\/08\/caribbean-yacht-charter-investment-fountaine-pajot-catamaran-flybridge-1536x1024.jpg 1536w, https:\/\/www.caribbean-multihulls.com\/wp-content\/uploads\/2025\/08\/caribbean-yacht-charter-investment-fountaine-pajot-catamaran-flybridge.jpg 1600w\" sizes=\"(max-width: 1024px) 100vw, 1024px\" \/><\/figure>\n<\/div>\n<\/div>\n\n\n\n<div style=\"height:30px\" aria-hidden=\"true\" class=\"wp-block-spacer\"><\/div>\n\n\n\n<h2 class=\"wp-block-heading\">\u00bfQu\u00e9 barco de alquiler deber\u00edas elegir? <br>\u00bfQu\u00e9 marcas y modelos tienen mayor demanda?<\/h2>\n\n\n\n<p>La mayor\u00eda de las veces, tus propios gustos y presupuesto determinar\u00e1n la elecci\u00f3n. Sin embargo, es realmente importante que <strong>Aseg\u00farate de que el modelo tenga demanda y de que no haya demasiados competidores.<\/strong> con el mismo.<\/p>\n\n\n\n<p>Podremos informarle sobre el promedio de reservas que realiza un barco, aunque, por supuesto, esto tambi\u00e9n depende de la ubicaci\u00f3n del barco y del precio del alquiler.<\/p>\n\n\n\n<h2 class=\"wp-block-heading\">\u00bfC\u00f3mo elegir una empresa de gesti\u00f3n o reserva de ch\u00e1rteres?<\/h2>\n\n\n\n<p><strong>\u00bfEn qu\u00e9 isla deber\u00edas guardar tu yate?<\/strong> Ir a una isla caribe\u00f1a u otra puede ser una decisi\u00f3n importante para ti, dependiendo de las aerol\u00edneas o de otras razones.<\/p>\n\n\n\n<p>Hay otras razones. <strong>por qu\u00e9 recomendar\u00edamos determinadas empresas<\/strong>: porque son de confianza, porque dedican muchos esfuerzos e inversiones a promocionar su actividad, porque su personal es muy servicial, porque quiz\u00e1 aprecies su esp\u00edritu de empresa familiar...<\/p>\n\n\n\n<div style=\"height:100px\" aria-hidden=\"true\" class=\"wp-block-spacer\"><\/div>\n\n\n\n<figure class=\"wp-block-image alignwide size-large\"><img decoding=\"async\" width=\"1024\" height=\"683\" src=\"https:\/\/www.caribbean-multihulls.com\/wp-content\/uploads\/2025\/08\/caribbean-yacht-charter-investment-fountaine-pajot-catamaran-jacuzzi-1024x683.jpg\" alt=\"\" class=\"wp-image-17803\" srcset=\"https:\/\/www.caribbean-multihulls.com\/wp-content\/uploads\/2025\/08\/caribbean-yacht-charter-investment-fountaine-pajot-catamaran-jacuzzi-1024x683.jpg 1024w, https:\/\/www.caribbean-multihulls.com\/wp-content\/uploads\/2025\/08\/caribbean-yacht-charter-investment-fountaine-pajot-catamaran-jacuzzi-300x200.jpg 300w, https:\/\/www.caribbean-multihulls.com\/wp-content\/uploads\/2025\/08\/caribbean-yacht-charter-investment-fountaine-pajot-catamaran-jacuzzi-768x512.jpg 768w, https:\/\/www.caribbean-multihulls.com\/wp-content\/uploads\/2025\/08\/caribbean-yacht-charter-investment-fountaine-pajot-catamaran-jacuzzi-1536x1024.jpg 1536w, https:\/\/www.caribbean-multihulls.com\/wp-content\/uploads\/2025\/08\/caribbean-yacht-charter-investment-fountaine-pajot-catamaran-jacuzzi.jpg 1600w\" sizes=\"(max-width: 1024px) 100vw, 1024px\" \/><\/figure>\n\n\n\n<div style=\"height:50px\" aria-hidden=\"true\" class=\"wp-block-spacer\"><\/div>\n\n\n\n<h2 class=\"wp-block-heading\">\u00bfC\u00f3mo promocionar las reservas de vuelos ch\u00e1rter?<\/h2>\n\n\n\n<p>La empresa de gesti\u00f3n de ch\u00e1rteres y las empresas de reserva de ch\u00e1rteres har\u00e1n magia por usted. Por eso es importante elegir empresas proactivas.<\/p>\n\n\n\n<p>Tambi\u00e9n es posible que desee trabajar en ello usted mismo e invertir en marketing web, para obtener reservas directas y evitar comisiones. \u00a1Para algunos, incluso podr\u00eda ser parte de la diversi\u00f3n!<\/p>\n\n\n\n<p>No dude en preguntarnos por los comentarios que hemos recibido hasta ahora de los propietarios.<\/p>\n\n\n\n<div style=\"height:100px\" aria-hidden=\"true\" class=\"wp-block-spacer\"><\/div>\n\n\n\n<h2 class=\"wp-block-heading\">\u00bfDeber\u00edas ofrecer alquiler con tripulaci\u00f3n o sin tripulaci\u00f3n?<\/h2>\n\n\n\n<p>Cada uno tiene sus ventajas y sus inconvenientes, y tendr\u00e1s que elegir.<\/p>\n\n\n\n<p><strong>Barco sin tripulaci\u00f3n <\/strong>Es m\u00e1s f\u00e1cil de manejar, y la mayor\u00eda de las empresas de gesti\u00f3n de alquileres ofrecen a los clientes la posibilidad de a\u00f1adir un capit\u00e1n y\/o tripulaci\u00f3n de todos modos.<\/p>\n\n\n\n<p><strong>Ch\u00e1rter con tripulaci\u00f3n<\/strong> supone m\u00e1s gastos y problemas, pero tambi\u00e9n significa mayores ingresos y menos preocupaciones por posibles da\u00f1os en la embarcaci\u00f3n. Teniendo esto en cuenta, trabajamos con socios para garantizar la mejor experiencia de alquiler con tripulaci\u00f3n.<\/p>\n\n\n\n<p>Incluso podr\u00edas optar por un <strong>capit\u00e1n\/tripulaci\u00f3n permanente<\/strong> en algunos casos para mantener su yate. En tal caso, el barco no necesita permanecer bajo gesti\u00f3n de alquiler en una base. Este es el caso de los yates de gama alta.<\/p>\n\n\n\n<div style=\"height:100px\" aria-hidden=\"true\" class=\"wp-block-spacer\"><\/div>\n\n\n\n<h2 class=\"wp-block-heading\">\u00bfCu\u00e1nto cuesta mantener un yate de alquiler?<\/h2>\n\n\n\n<p>El coste de mantenimiento puede depender de muchos factores: base de alquiler, isla, especialistas, elementos y procedimientos, si hay tripulaci\u00f3n o no.<\/p>\n\n\n\n<p>Sin embargo<strong> Es importante realizar algunas proyecciones financieras.<\/strong> y tener una idea del coste medio de mantenimiento. Le ayudaremos a presupuestarlos, para que tenga una mejor visibilidad del rendimiento de sus beneficios potenciales.<\/p>\n\n\n\n<div class=\"wp-block-columns is-layout-flex wp-container-core-columns-is-layout-28f84493 wp-block-columns-is-layout-flex\">\n<div class=\"wp-block-column is-layout-flow wp-block-column-is-layout-flow\">\n<figure class=\"wp-block-image size-large\"><img loading=\"lazy\" decoding=\"async\" width=\"1024\" height=\"683\" src=\"https:\/\/www.caribbean-multihulls.com\/wp-content\/uploads\/2025\/08\/caribbean-yacht-charter-investment-fountaine-pajot-catamaran-lounge-1024x683.jpg\" alt=\"\" class=\"wp-image-17804\" srcset=\"https:\/\/www.caribbean-multihulls.com\/wp-content\/uploads\/2025\/08\/caribbean-yacht-charter-investment-fountaine-pajot-catamaran-lounge-1024x683.jpg 1024w, https:\/\/www.caribbean-multihulls.com\/wp-content\/uploads\/2025\/08\/caribbean-yacht-charter-investment-fountaine-pajot-catamaran-lounge-300x200.jpg 300w, https:\/\/www.caribbean-multihulls.com\/wp-content\/uploads\/2025\/08\/caribbean-yacht-charter-investment-fountaine-pajot-catamaran-lounge-768x512.jpg 768w, https:\/\/www.caribbean-multihulls.com\/wp-content\/uploads\/2025\/08\/caribbean-yacht-charter-investment-fountaine-pajot-catamaran-lounge-1536x1024.jpg 1536w, https:\/\/www.caribbean-multihulls.com\/wp-content\/uploads\/2025\/08\/caribbean-yacht-charter-investment-fountaine-pajot-catamaran-lounge.jpg 1600w\" sizes=\"(max-width: 1024px) 100vw, 1024px\" \/><\/figure>\n<\/div>\n\n\n\n<div class=\"wp-block-column is-layout-flow wp-block-column-is-layout-flow\">\n<figure class=\"wp-block-image size-large\"><img loading=\"lazy\" decoding=\"async\" width=\"1024\" height=\"683\" src=\"https:\/\/www.caribbean-multihulls.com\/wp-content\/uploads\/2025\/08\/caribbean-yacht-charter-investment-fountaine-pajot-catamaran-galley-1024x683.jpg\" alt=\"\" class=\"wp-image-17805\" srcset=\"https:\/\/www.caribbean-multihulls.com\/wp-content\/uploads\/2025\/08\/caribbean-yacht-charter-investment-fountaine-pajot-catamaran-galley-1024x683.jpg 1024w, https:\/\/www.caribbean-multihulls.com\/wp-content\/uploads\/2025\/08\/caribbean-yacht-charter-investment-fountaine-pajot-catamaran-galley-300x200.jpg 300w, https:\/\/www.caribbean-multihulls.com\/wp-content\/uploads\/2025\/08\/caribbean-yacht-charter-investment-fountaine-pajot-catamaran-galley-768x512.jpg 768w, https:\/\/www.caribbean-multihulls.com\/wp-content\/uploads\/2025\/08\/caribbean-yacht-charter-investment-fountaine-pajot-catamaran-galley-1536x1024.jpg 1536w, https:\/\/www.caribbean-multihulls.com\/wp-content\/uploads\/2025\/08\/caribbean-yacht-charter-investment-fountaine-pajot-catamaran-galley.jpg 1600w\" sizes=\"(max-width: 1024px) 100vw, 1024px\" \/><\/figure>\n<\/div>\n<\/div>\n\n\n\n<div style=\"height:30px\" aria-hidden=\"true\" class=\"wp-block-spacer\"><\/div>\n\n\n\n<h2 class=\"wp-block-heading\">\u00bfCu\u00e1nto tiempo podr\u00eda estar su yate en el programa de alquiler?<\/h2>\n\n\n\n<p><strong>Muchas empresas de alquiler no conservan yates que tengan m\u00e1s de 5 a\u00f1os aproximadamente.<\/strong>, pero depende de las empresas, del mantenimiento del yate, del modelo y de la demanda.<\/p>\n\n\n\n<p><strong>Descubre con nosotros lo que puedes esperar.<\/strong><\/p>\n\n\n\n<h2 class=\"wp-block-heading\">\u00bfCon qui\u00e9n debes asegurar tu yate de alquiler?<\/h2>\n\n\n\n<p>Las empresas de gesti\u00f3n de charters suelen ofrecer su aseguradora especializada, que suele ser la mejor opci\u00f3n. Consulte con nosotros qu\u00e9 opciones hay disponibles.<\/p>\n\n\n\n<p>Y, por \u00faltimo,<\/p>\n\n\n\n<h2 class=\"wp-block-heading\">\u00bfC\u00f3mo es que sabemos tanto sobre el alquiler de yates en el Caribe?<\/h2>\n\n\n\n<p>El director de Caribbean Multihulls, Peter Cohen, ha <strong>M\u00e1s de 25 a\u00f1os de experiencia en el sector de los multicascos en el Caribe y el Pac\u00edfico.<\/strong>. \u00a1Sus socios llevan d\u00e9cadas dedic\u00e1ndose al negocio del alquiler de barcos en el Caribe!<\/p>\n\n\n\n<p>Ya sea con catamaranes de vela o a motor de Fountaine Pajot, contamos con informaci\u00f3n valiosa fruto de muchos a\u00f1os de experiencia.<\/p>\n\n\n\n<p>Cont\u00e1ctenos ahora para hablar sobre su proyecto de inversi\u00f3n en charters.<\/p>\n\n\n\n<p><\/p>","protected":false},"excerpt":{"rendered":"<p>What is your return on investment with a charter yacht? Some will say that there will be no retun on [&hellip;]<\/p>\n","protected":false},"author":1,"featured_media":17797,"parent":0,"menu_order":0,"comment_status":"closed","ping_status":"closed","template":"","meta":{"_eb_attr":"","site-sidebar-layout":"right-sidebar","site-content-layout":"","ast-site-content-layout":"default","site-content-style":"default","site-sidebar-style":"default","ast-global-header-display":"","ast-banner-title-visibility":"","ast-main-header-display":"","ast-hfb-above-header-display":"","ast-hfb-below-header-display":"","ast-hfb-mobile-header-display":"","site-post-title":"","ast-breadcrumbs-content":"","ast-featured-img":"","footer-sml-layout":"","ast-disable-related-posts":"","theme-transparent-header-meta":"","adv-header-id-meta":"","stick-header-meta":"","header-above-stick-meta":"","header-main-stick-meta":"","header-below-stick-meta":"","astra-migrate-meta-layouts":"default","ast-page-background-enabled":"default","ast-page-background-meta":{"desktop":{"background-color":"var(--ast-global-color-5)","background-image":"","background-repeat":"repeat","background-position":"center center","background-size":"auto","background-attachment":"scroll","background-type":"","background-media":"","overlay-type":"","overlay-color":"","overlay-opacity":"","overlay-gradient":""},"tablet":{"background-color":"","background-image":"","background-repeat":"repeat","background-position":"center center","background-size":"auto","background-attachment":"scroll","background-type":"","background-media":"","overlay-type":"","overlay-color":"","overlay-opacity":"","overlay-gradient":""},"mobile":{"background-color":"","background-image":"","background-repeat":"repeat","background-position":"center center","background-size":"auto","background-attachment":"scroll","background-type":"","background-media":"","overlay-type":"","overlay-color":"","overlay-opacity":"","overlay-gradient":""}},"ast-content-background-meta":{"desktop":{"background-color":"var(--ast-global-color-4)","background-image":"","background-repeat":"repeat","background-position":"center center","background-size":"auto","background-attachment":"scroll","background-type":"","background-media":"","overlay-type":"","overlay-color":"","overlay-opacity":"","overlay-gradient":""},"tablet":{"background-color":"var(--ast-global-color-4)","background-image":"","background-repeat":"repeat","background-position":"center center","background-size":"auto","background-attachment":"scroll","background-type":"","background-media":"","overlay-type":"","overlay-color":"","overlay-opacity":"","overlay-gradient":""},"mobile":{"background-color":"var(--ast-global-color-4)","background-image":"","background-repeat":"repeat","background-position":"center center","background-size":"auto","background-attachment":"scroll","background-type":"","background-media":"","overlay-type":"","overlay-color":"","overlay-opacity":"","overlay-gradient":""}},"_EventAllDay":false,"_EventTimezone":"","_EventStartDate":"","_EventEndDate":"","_EventStartDateUTC":"","_EventEndDateUTC":"","_EventShowMap":false,"_EventShowMapLink":false,"_EventURL":"","_EventCost":"","_EventCostDescription":"","_EventCurrencySymbol":"","_EventCurrencyCode":"","_EventCurrencyPosition":"","_EventDateTimeSeparator":"","_EventTimeRangeSeparator":"","_EventOrganizerID":[],"_EventVenueID":[],"_OrganizerEmail":"","_OrganizerPhone":"","_OrganizerWebsite":"","_VenueAddress":"","_VenueCity":"","_VenueCountry":"","_VenueProvince":"","_VenueState":"","_VenueZip":"","_VenuePhone":"","_VenueURL":"","_VenueStateProvince":"","_VenueLat":"","_VenueLng":"","_VenueShowMap":false,"_VenueShowMapLink":false,"footnotes":""},"class_list":["post-17018","page","type-page","status-publish","has-post-thumbnail","hentry"],"_links":{"self":[{"href":"https:\/\/www.caribbean-multihulls.com\/es\/wp-json\/wp\/v2\/pages\/17018","targetHints":{"allow":["GET"]}}],"collection":[{"href":"https:\/\/www.caribbean-multihulls.com\/es\/wp-json\/wp\/v2\/pages"}],"about":[{"href":"https:\/\/www.caribbean-multihulls.com\/es\/wp-json\/wp\/v2\/types\/page"}],"author":[{"embeddable":true,"href":"https:\/\/www.caribbean-multihulls.com\/es\/wp-json\/wp\/v2\/users\/1"}],"replies":[{"embeddable":true,"href":"https:\/\/www.caribbean-multihulls.com\/es\/wp-json\/wp\/v2\/comments?post=17018"}],"version-history":[{"count":14,"href":"https:\/\/www.caribbean-multihulls.com\/es\/wp-json\/wp\/v2\/pages\/17018\/revisions"}],"predecessor-version":[{"id":19244,"href":"https:\/\/www.caribbean-multihulls.com\/es\/wp-json\/wp\/v2\/pages\/17018\/revisions\/19244"}],"wp:featuredmedia":[{"embeddable":true,"href":"https:\/\/www.caribbean-multihulls.com\/es\/wp-json\/wp\/v2\/media\/17797"}],"wp:attachment":[{"href":"https:\/\/www.caribbean-multihulls.com\/es\/wp-json\/wp\/v2\/media?parent=17018"}],"curies":[{"name":"wp","href":"https:\/\/api.w.org\/{rel}","templated":true}]}}